{"id":930,"date":"2020-08-09T23:49:41","date_gmt":"2020-08-10T05:49:41","guid":{"rendered":"https:\/\/ujpii.ac.cr\/a\/?page_id=930"},"modified":"2020-08-11T08:51:29","modified_gmt":"2020-08-11T14:51:29","slug":"docentes","status":"publish","type":"page","link":"https:\/\/ujpii.ac.cr\/a\/docentes\/","title":{"rendered":"Docentes"},"content":{"rendered":"<p>[vc_row][vc_column][vc_column_text]<\/p>\n<h1 style=\"text-align: center;\">DOCENTES<\/h1>\n<p>[\/vc_column_text][vc_row_inner][vc_column_inner width=\u00bb1\/3&#8243;][vc_single_image image=\u00bb934&#8243; img_size=\u00bbmedium\u00bb alignment=\u00bbcenter\u00bb style=\u00bbvc_box_circle_2&#8243; css=\u00bb.vc_custom_1597155202932{padding-top: 30px !important;padding-bottom: 10px !important;background-color: #f5f5f5 !important;}\u00bb][vc_column_text css=\u00bb.vc_custom_1597088714770{margin-top: -35px !important;background-color: #f5f5f5 !important;}\u00bb]<\/p>\n<h4 style=\"text-align: center;\">CARLOS SARAVIA REYES<\/h4>\n<p>[\/vc_column_text][vc_column_text]<\/p>\n<p style=\"text-align: justify;\">Peruano. Curs\u00f3 estudios de grado en Per\u00fa y se gradu\u00f3 en Filosof\u00eda y Teolog\u00eda, tiene una Maestr\u00eda en Administraci\u00f3n Educativa de la Universidad Latina de Costa Rica y concluy\u00f3 los cursos de doctorado en educaci\u00f3n en la Universidad de Navarra, Espa\u00f1a. Asimismo, tiene certificaciones como instructor profesional de empresas por CEDELA de M\u00e9xico, como auditor interno de la norma SA 8000, en la metodolog\u00eda de LEGO SERIOUS PLAY y un Diplomado en Estudios Virtuales de Aprendizaje.<\/p>\n<p style=\"text-align: justify;\">Tiene m\u00e1s de 14 a\u00f1os en la gesti\u00f3n de los procesos de ense\u00f1anza- aprendizaje, con competencias para el dise\u00f1o, administraci\u00f3n y evaluaci\u00f3n de los programas de capacitaci\u00f3n empresarial. Como director de educaci\u00f3n de la Escuela Social Juan XXIII, fue responsable del dise\u00f1o, administraci\u00f3n y evaluaci\u00f3n de la oferta de capacitaci\u00f3n y consultor\u00eda que ofrece la Escuela Social Juan XXIII, tanto en el \u00e1mbito nacional como internacional. Desde 2010 es Director Acad\u00e9mico de la Universidad Juan Pablo II.<\/p>\n<p>[\/vc_column_text][\/vc_column_inner][vc_column_inner width=\u00bb1\/3&#8243;][vc_single_image image=\u00bb937&#8243; img_size=\u00bbmedium\u00bb alignment=\u00bbcenter\u00bb style=\u00bbvc_box_circle_2&#8243; css=\u00bb.vc_custom_1597155193376{padding-top: 30px !important;padding-bottom: 10px !important;background-color: #f5f5f5 !important;}\u00bb][vc_column_text css=\u00bb.vc_custom_1597087813980{margin-top: -35px !important;background-color: #f5f5f5 !important;}\u00bb]<\/p>\n<h4 style=\"text-align: center;\">WALFORD HALL WILLIAMS<\/h4>\n<p>[\/vc_column_text][vc_column_text]<\/p>\n<p style=\"text-align: justify;\">Consultor en administraci\u00f3n de riesgos y ajustes de siniestros, cuenta con m\u00e1s de 37 a\u00f1os de experiencia en el mercado de seguros, Exdirector de Seguros Generales del Instituto Nacional de Seguros de Costa Rica, docente de la Universidad Juan Pablo II, capacitador en temas de seguros y ha elaborado manuales de cursos en seguros.<\/p>\n<p style=\"text-align: justify;\">Ha recibido formaci\u00f3n en seguros de Florida State University (Risk Management and Insurance Training), Insurance Institute of America (Certificate in General Insurance), M\u00fcnchener R\u00fcckversicherungs-Gesellschaft (Capacitaci\u00f3n en los ramos de seguros t\u00e9cnicos), Asociaci\u00f3n Panamericana de Fianzas, entre otros.<\/p>\n<p style=\"text-align: justify;\">Ha realizado pasant\u00edas en diversas compa\u00f1\u00edas de seguros, corredores de reaseguros y compa\u00f1\u00edas reaseguradoras<\/p>\n<p>[\/vc_column_text][\/vc_column_inner][vc_column_inner width=\u00bb1\/3&#8243;][vc_single_image image=\u00bb935&#8243; img_size=\u00bbmedium\u00bb alignment=\u00bbcenter\u00bb style=\u00bbvc_box_circle_2&#8243; css=\u00bb.vc_custom_1597155183969{padding-top: 30px !important;padding-bottom: 10px !important;background-color: #f5f5f5 !important;}\u00bb][vc_column_text css=\u00bb.vc_custom_1597087889468{margin-top: -35px !important;background-color: #f5f5f5 !important;}\u00bb]<\/p>\n<h4 style=\"text-align: center;\">NANCY ARIAS MORA<\/h4>\n<p>[\/vc_column_text][vc_column_text]<\/p>\n<p style=\"text-align: justify;\">Abogada con m\u00e1s de 30 a\u00f1os de experiencia en Seguros. M\u00e1ster en Derecho P\u00fablico con m\u00e1s de 10 a\u00f1os de experiencia en empresas del Estado, experiencia en Derecho Administrativo. Con experiencia en el manejo de procesos de Competencia y Consumidor, en liderar equipos de Alto Rendimiento y en alianzas de Alto Nivel internas e interinstitucionales.\u00a0Particip\u00f3 en la formaci\u00f3n de la actual legislaci\u00f3n de seguros, en la legislaci\u00f3n de tr\u00e1nsito y en la apertura del mercado de seguros en Costa Rica.<\/p>\n<p style=\"text-align: justify;\">Actualmente se encuentra ejerciendo la profesi\u00f3n de manera liberal y es docente en universidades p\u00fablicas y privadas. Tiene estudios de Maestr\u00eda en Derecho P\u00fablico, Egresada de Doctorado en Derecho. Actualmente cursa Maestr\u00eda en Derecho Internacional de los Derechos Humanos de la Universidad para la Paz.<\/p>\n<p>[\/vc_column_text][\/vc_column_inner][\/vc_row_inner][vc_row_inner][vc_column_inner width=\u00bb1\/3&#8243;][vc_single_image image=\u00bb936&#8243; img_size=\u00bbmedium\u00bb alignment=\u00bbcenter\u00bb style=\u00bbvc_box_circle_2&#8243; css=\u00bb.vc_custom_1597155173232{padding-top: 30px !important;padding-bottom: 10px !important;background-color: #f5f5f5 !important;}\u00bb][vc_column_text css=\u00bb.vc_custom_1597157483552{margin-top: -35px !important;background-color: #f5f5f5 !important;}\u00bb]<\/p>\n<h4 style=\"text-align: center;\">PBRO. EMILIO GARREAUD<\/h4>\n<p>[\/vc_column_text][vc_column_text]<\/p>\n<p style=\"text-align: justify;\">Bachiller en Teolog\u00eda, Ciencias de la Educaci\u00f3n y Derecho. Licenciado en Ense\u00f1anza de la Educaci\u00f3n, M\u00e1ster en Doctrina Social de la Iglesia. Doctorado en Ciencias Sociales y candidato a PhD por la Universidad Aut\u00f3noma de Centroam\u00e9rica (UACA).<\/p>\n<p style=\"text-align: justify;\">Se ha desempe\u00f1ado como director para el Instituto para el Matrimonio y la Familia de la Universidad Cat\u00f3lica San Pablo, Director de Radio Mar\u00eda Costa Rica y Estados Unidos. Actualmente es Rector de la Universidad Juan Pablo II de Costa Rica.<\/p>\n<p>[\/vc_column_text][\/vc_column_inner][vc_column_inner width=\u00bb1\/3&#8243;][vc_single_image image=\u00bb957&#8243; img_size=\u00bbmedium\u00bb alignment=\u00bbcenter\u00bb style=\u00bbvc_box_circle_2&#8243; css=\u00bb.vc_custom_1597155068548{padding-top: 30px !important;padding-bottom: 10px !important;background-color: #f5f5f5 !important;}\u00bb][vc_column_text css=\u00bb.vc_custom_1597087751025{margin-top: -35px !important;background-color: #f5f5f5 !important;}\u00bb]<\/p>\n<h4 style=\"text-align: center;\">CARLOS GUILL\u00c9N RUIZ<\/h4>\n<p>[\/vc_column_text][vc_column_text]<\/p>\n<p style=\"text-align: justify;\">Bachillerato en Econom\u00eda. Maestr\u00eda en Econom\u00eda con \u00e9nfasis en Econom\u00eda Empresarial. Maestr\u00eda en Administraci\u00f3n de Riesgos y Seguros Director de Estrategia de UNISERSE, Corredora de Seguros.<\/p>\n<p>[\/vc_column_text][\/vc_column_inner][vc_column_inner width=\u00bb1\/3&#8243;][\/vc_column_inner][\/vc_row_inner][vc_row_inner][vc_column_inner][vc_column_text]<\/p>\n<h2 style=\"text-align: center;\">DOCENTES INTERNACIONALES INVITADOS<\/h2>\n<p>[\/vc_column_text][\/vc_column_inner][vc_column_inner width=\u00bb1\/3&#8243;][vc_single_image image=\u00bb931&#8243; img_size=\u00bbmedium\u00bb alignment=\u00bbcenter\u00bb style=\u00bbvc_box_circle_2&#8243; css=\u00bb.vc_custom_1597155162010{padding-top: 30px !important;padding-bottom: 10px !important;background-color: #f5f5f5 !important;}\u00bb][vc_column_text css=\u00bb.vc_custom_1597037666945{margin-top: -35px !important;background-color: #f5f5f5 !important;}\u00bb]<\/p>\n<h4 style=\"text-align: center;\">CARLOS FLORES<\/h4>\n<p>[\/vc_column_text][vc_column_text]<\/p>\n<p style=\"text-align: justify;\">Guatemalteco. MBA, Profesor universitario, consultor y conferencista en temas de \u00e9tica, liderazgo y servicio al cliente. Fundador de la consultora Doopla Strategy. L\u00edder estrat\u00e9gico con experiencia en el \u00e1rea comercial, mercadeo e investigaci\u00f3n de mercados. Miembro certificado del Equipo Internacional de John Maxwell.<\/p>\n<p>[\/vc_column_text][\/vc_column_inner][vc_column_inner width=\u00bb1\/3&#8243;][vc_single_image image=\u00bb933&#8243; img_size=\u00bbmedium\u00bb alignment=\u00bbcenter\u00bb style=\u00bbvc_box_circle_2&#8243; css=\u00bb.vc_custom_1597155152933{padding-top: 30px !important;padding-bottom: 10px !important;background-color: #f5f5f5 !important;}\u00bb][vc_column_text css=\u00bb.vc_custom_1597088344317{margin-top: -35px !important;background-color: #f5f5f5 !important;}\u00bb]<\/p>\n<h4 style=\"text-align: center;\">ADRIANA VARGAS RODR\u00cdGUEZ<\/h4>\n<p>[\/vc_column_text][vc_column_text]<\/p>\n<p style=\"text-align: justify;\">Mexicana. Egresada de la Maestr\u00eda en Ciencias de la Familia por el Instituto Juan Pablo II y Titulada del Doctorado en An\u00e1lisis Estrat\u00e9gico y Desarrollo Sustentable por la Universidad An\u00e1huac Mayab. En proceso de certificaci\u00f3n como Coach Dial\u00f3gico por la Universidad Francisco de Victoria en Madrid y del Modelo Gottman para la intervenci\u00f3n en Terapia de Parejas de Seattle, EU. Ha estudiado diversos diplomados en Comunicaci\u00f3n y Coaching Familiar, Tanatolog\u00eda, Desarrollo humano, Antropolog\u00eda y \u00c9tica, Sexualidad humana, Teolog\u00eda del Cuerpo, as\u00ed como Competencias docentes, Psicoterapia de pareja y mediaci\u00f3n y Geopol\u00edtica de la familia y desarrollo sostenible, Formaci\u00f3n en la Sexualidad y la Afectividad. Su licenciatura la estudi\u00f3 en la Universidad de Monterrey.<\/p>\n<p style=\"text-align: justify;\">Ha sido docente en diversas universidades y conferencista a nivel nacional e internacional en diversos temas de formaci\u00f3n y crecimiento humano. Desde el a\u00f1o 2010 es directora del Instituto Teol\u00f3gico Juan Pablo II de la Universidad An\u00e1huac, Plantel M\u00e9rida.<\/p>\n<p>[\/vc_column_text][\/vc_column_inner][vc_column_inner width=\u00bb1\/3&#8243;][vc_single_image image=\u00bb932&#8243; img_size=\u00bbmedium\u00bb alignment=\u00bbcenter\u00bb style=\u00bbvc_box_circle_2&#8243; css=\u00bb.vc_custom_1597155143048{padding-top: 30px !important;padding-bottom: 10px !important;background-color: #f5f5f5 !important;}\u00bb][vc_column_text css=\u00bb.vc_custom_1597155023076{margin-top: -35px !important;background-color: #f5f5f5 !important;}\u00bb]<\/p>\n<h4 style=\"text-align: center;\">ANTONIO V\u00c1ZQUEZ VEGA<\/h4>\n<p>[\/vc_column_text][vc_column_text]<\/p>\n<p style=\"text-align: justify;\">Espa\u00f1ol. M\u00e1ster en Asesor\u00eda Jur\u00eddica de Empresas por el IE Business School. Ha cursado Programas de Formaci\u00f3n en la Universidad de Harvard y en el IESE Business School de la Universidad de Navarra. Profesor y conferencista en Espa\u00f1a y Latinoam\u00e9rica. Actualmente es director de la Escuela de Negocios EOBS de Espa\u00f1a y del Instituto Internacional de Capital Humano.<\/p>\n<p>[\/vc_column_text][\/vc_column_inner][\/vc_row_inner][\/vc_column][\/vc_row]<\/p>\n","protected":false},"excerpt":{"rendered":"<p>[vc_row][vc_column][vc_column_text] DOCENTES [\/vc_column_text][vc_row_inner][vc_column_inner width=\u00bb1\/3&#8243;][vc_single_image image=\u00bb934&#8243; img_size=\u00bbmedium\u00bb alignment=\u00bbcenter\u00bb style=\u00bbvc_box_circle_2&#8243; css=\u00bb.vc_custom_1597155202932{padding-top: 30px !important;padding-bottom: 10px !important;background-color: #f5f5f5 !important;}\u00bb][vc_column_text css=\u00bb.vc_custom_1597088714770{margin-top: -35px !important;background-color: #f5f5f5 !important;}\u00bb] CARLOS SARAVIA REYES [\/vc_column_text][vc_column_text] Peruano. Curs\u00f3 estudios de grado en Per\u00fa y se gradu\u00f3 en Filosof\u00eda y Teolog\u00eda, tiene una Maestr\u00eda en Administraci\u00f3n Educativa de la Universidad Latina de Costa Rica y concluy\u00f3 los cursos&hellip;<\/p>\n","protected":false},"author":1,"featured_media":0,"parent":0,"menu_order":0,"comment_status":"closed","ping_status":"closed","template":"","meta":{"content-type":""},"_links":{"self":[{"href":"https:\/\/ujpii.ac.cr\/a\/wp-json\/wp\/v2\/pages\/930"}],"collection":[{"href":"https:\/\/ujpii.ac.cr\/a\/wp-json\/wp\/v2\/pages"}],"about":[{"href":"https:\/\/ujpii.ac.cr\/a\/wp-json\/wp\/v2\/types\/page"}],"author":[{"embeddable":true,"href":"https:\/\/ujpii.ac.cr\/a\/wp-json\/wp\/v2\/users\/1"}],"replies":[{"embeddable":true,"href":"https:\/\/ujpii.ac.cr\/a\/wp-json\/wp\/v2\/comments?post=930"}],"version-history":[{"count":5,"href":"https:\/\/ujpii.ac.cr\/a\/wp-json\/wp\/v2\/pages\/930\/revisions"}],"predecessor-version":[{"id":960,"href":"https:\/\/ujpii.ac.cr\/a\/wp-json\/wp\/v2\/pages\/930\/revisions\/960"}],"wp:attachment":[{"href":"https:\/\/ujpii.ac.cr\/a\/wp-json\/wp\/v2\/media?parent=930"}],"curies":[{"name":"wp","href":"https:\/\/api.w.org\/{rel}","templated":true}]}}