{"id":939,"date":"2020-08-10T00:09:41","date_gmt":"2020-08-10T06:09:41","guid":{"rendered":"https:\/\/ujpii.ac.cr\/a\/?page_id=939"},"modified":"2020-08-10T13:13:54","modified_gmt":"2020-08-10T19:13:54","slug":"nosotros","status":"publish","type":"page","link":"https:\/\/ujpii.ac.cr\/a\/nosotros\/","title":{"rendered":"nosotros"},"content":{"rendered":"<p>[vc_row][vc_column][vc_column_text]<\/p>\n<h1>NOSOTROS<\/h1>\n<p>[\/vc_column_text][vc_single_image image=\u00bb940&#8243; img_size=\u00bbfull\u00bb alignment=\u00bbcenter\u00bb][vc_row_inner][vc_column_inner width=\u00bb2\/3&#8243; css=\u00bb.vc_custom_1597086643906{border-right-width: 1px !important;border-right-color: #cecece !important;border-right-style: solid !important;}\u00bb offset=\u00bbvc_hidden-md vc_hidden-sm vc_hidden-xs\u00bb][vc_column_text css=\u00bb.vc_custom_1597086451803{margin-top: 10px !important;}\u00bb]<\/p>\n<h2>RESE\u00d1A HIST\u00d3RICA<\/h2>\n<p>[\/vc_column_text][vc_column_text]<\/p>\n<p style=\"text-align: justify;\">La Universidad Juan Pablo II fue fundada en Costa Rica por el Pbro. Claudio Solano Cerdas, principal impulsor y promotor del solidarismo en el pa\u00eds. Desde sus inicios, la Universidad Juan Pablo II surge como una iniciativa que busca llevar al mundo de la empresa y la cultura los valores y principios de la Doctrina Social de la Iglesia, bajo la inspiraci\u00f3n y modelo de San Juan Pablo II.<\/p>\n<p style=\"text-align: justify;\">Es aprobada y autorizada por el Consejo Superior de Ense\u00f1anza Universitaria Privada (CONESUP) mediante sesi\u00f3n 303-96 del 24 de junio de 1996. La Universidad Juan Pablo II se rige de conformidad con la Ley No. 6693 de Universidades Privadas y su Reglamento, las disposiciones legales atinentes y las de su Estatuto Org\u00e1nico.<\/p>\n<p style=\"text-align: justify;\">La Universidad Juan Pablo II es ante todo una comunidad acad\u00e9mica inspirada y animada por la ense\u00f1anza y orientaciones de la Iglesia Cat\u00f3lica. Nos entendemos como un espacio de encuentro en el que se busca y transmite la verdad, se contribuye a la formaci\u00f3n integral de sus estudiantes, se promueve la investigaci\u00f3n y se realiza una amplia labor de extensi\u00f3n universitaria y promoci\u00f3n social, para contribuir con la configuraci\u00f3n de una cultura conforme a la identidad y dignidad del ser humano.<\/p>\n<p style=\"text-align: justify;\">A trav\u00e9s de los distintos programas con los que cuenta la Universidad, as\u00ed como de los distintos proyectos de extensi\u00f3n universitaria la Universidad ofrece espacios de formaci\u00f3n que combinen demanda laboral, proyecci\u00f3n social, formaci\u00f3n integral, educaci\u00f3n de calidad y exigencia acad\u00e9mica que ayuden a nuestros estudiantes a lograr un proceso de transformaci\u00f3n personal e impacto positivo en la sociedad.<\/p>\n<p>[\/vc_column_text][\/vc_column_inner][vc_column_inner width=\u00bb1\/3&#8243; offset=\u00bbvc_hidden-md vc_hidden-sm vc_hidden-xs\u00bb][vc_column_text css=\u00bb.vc_custom_1597086554408{margin-top: 10px !important;padding-top: 30px !important;}\u00bb]<\/p>\n<h2>IDENTIDAD<\/h2>\n<p>[\/vc_column_text][vc_column_text]<\/p>\n<p style=\"text-align: justify;\">La Universidad Juan Pablo II es una universidad privada sin fines de lucro, cat\u00f3lica, especializada en Ciencias Humanas, Sociales y Empresariales, con el sistema educativo educativo m\u00e1s completo de Costa Rica, al nivel de las mejores universidades del mundo.<\/p>\n<p>[\/vc_column_text][vc_column_text]<\/p>\n<h2>VISI\u00d3N<\/h2>\n<p>[\/vc_column_text][vc_column_text]<\/p>\n<p style=\"text-align: justify;\">La Universidad Juan Pablo II busca convertirse en un centro de educaci\u00f3n superior referencial en el pa\u00eds y en la regi\u00f3n, que se distinga por la formaci\u00f3n integral de sus estudiantes y por su contribuci\u00f3n al desarrollo solidario de la sociedad.<\/p>\n<p>[\/vc_column_text][\/vc_column_inner][\/vc_row_inner][vc_row_inner][vc_column_inner width=\u00bb2\/3&#8243; css=\u00bb.vc_custom_1597086675604{border-bottom-width: 1px !important;border-bottom-color: #cecece !important;border-bottom-style: solid !important;}\u00bb offset=\u00bbvc_hidden-lg\u00bb][vc_column_text css=\u00bb.vc_custom_1597086451803{margin-top: 10px !important;}\u00bb]<\/p>\n<h2>RESE\u00d1A HIST\u00d3RICA<\/h2>\n<p>[\/vc_column_text][vc_column_text]<\/p>\n<p style=\"text-align: justify;\">La Universidad Juan Pablo II fue fundada en Costa Rica por el Pbro. Claudio Solano Cerdas, principal impulsor y promotor del solidarismo en el pa\u00eds. Desde sus inicios, la Universidad Juan Pablo II surge como una iniciativa que busca llevar al mundo de la empresa y la cultura los valores y principios de la Doctrina Social de la Iglesia, bajo la inspiraci\u00f3n y modelo de San Juan Pablo II.<\/p>\n<p style=\"text-align: justify;\">Es aprobada y autorizada por el Consejo Superior de Ense\u00f1anza Universitaria Privada (CONESUP) mediante sesi\u00f3n 303-96 del 24 de junio de 1996. La Universidad Juan Pablo II se rige de conformidad con la Ley No. 6693 de Universidades Privadas y su Reglamento, las disposiciones legales atinentes y las de su Estatuto Org\u00e1nico.<\/p>\n<p style=\"text-align: justify;\">La Universidad Juan Pablo II es ante todo una comunidad acad\u00e9mica inspirada y animada por la ense\u00f1anza y orientaciones de la Iglesia Cat\u00f3lica. Nos entendemos como un espacio de encuentro en el que se busca y transmite la verdad, se contribuye a la formaci\u00f3n integral de sus estudiantes, se promueve la investigaci\u00f3n y se realiza una amplia labor de extensi\u00f3n universitaria y promoci\u00f3n social, para contribuir con la configuraci\u00f3n de una cultura conforme a la identidad y dignidad del ser humano.<\/p>\n<p style=\"text-align: justify;\">A trav\u00e9s de los distintos programas con los que cuenta la Universidad, as\u00ed como de los distintos proyectos de extensi\u00f3n universitaria la Universidad ofrece espacios de formaci\u00f3n que combinen demanda laboral, proyecci\u00f3n social, formaci\u00f3n integral, educaci\u00f3n de calidad y exigencia acad\u00e9mica que ayuden a nuestros estudiantes a lograr un proceso de transformaci\u00f3n personal e impacto positivo en la sociedad.<\/p>\n<p>[\/vc_column_text][\/vc_column_inner][vc_column_inner width=\u00bb1\/3&#8243; offset=\u00bbvc_hidden-lg\u00bb][vc_column_text css=\u00bb.vc_custom_1597086554408{margin-top: 10px !important;padding-top: 30px !important;}\u00bb]<\/p>\n<h2>IDENTIDAD<\/h2>\n<p>[\/vc_column_text][vc_column_text]<\/p>\n<p style=\"text-align: justify;\">La Universidad Juan Pablo II es una universidad privada sin fines de lucro, cat\u00f3lica, especializada en Ciencias Humanas, Sociales y Empresariales, con el sistema educativo educativo m\u00e1s completo de Costa Rica, al nivel de las mejores universidades del mundo.<\/p>\n<p>[\/vc_column_text][vc_column_text]<\/p>\n<h2>VISI\u00d3N<\/h2>\n<p>[\/vc_column_text][vc_column_text]<\/p>\n<p style=\"text-align: justify;\">La Universidad Juan Pablo II busca convertirse en un centro de educaci\u00f3n superior referencial en el pa\u00eds y en la regi\u00f3n, que se distinga por la formaci\u00f3n integral de sus estudiantes y por su contribuci\u00f3n al desarrollo solidario de la sociedad.<\/p>\n<p>[\/vc_column_text][\/vc_column_inner][\/vc_row_inner][\/vc_column][\/vc_row]<\/p>\n","protected":false},"excerpt":{"rendered":"<p>[vc_row][vc_column][vc_column_text] NOSOTROS [\/vc_column_text][vc_single_image image=\u00bb940&#8243; img_size=\u00bbfull\u00bb alignment=\u00bbcenter\u00bb][vc_row_inner][vc_column_inner width=\u00bb2\/3&#8243; css=\u00bb.vc_custom_1597086643906{border-right-width: 1px !important;border-right-color: #cecece !important;border-right-style: solid !important;}\u00bb offset=\u00bbvc_hidden-md vc_hidden-sm vc_hidden-xs\u00bb][vc_column_text css=\u00bb.vc_custom_1597086451803{margin-top: 10px !important;}\u00bb] RESE\u00d1A HIST\u00d3RICA [\/vc_column_text][vc_column_text] La Universidad Juan Pablo II fue fundada en Costa Rica por el Pbro. Claudio Solano Cerdas, principal impulsor y promotor del solidarismo en el pa\u00eds. Desde sus inicios, la Universidad Juan Pablo&hellip;<\/p>\n","protected":false},"author":1,"featured_media":0,"parent":0,"menu_order":0,"comment_status":"closed","ping_status":"closed","template":"","meta":{"content-type":""},"_links":{"self":[{"href":"https:\/\/ujpii.ac.cr\/a\/wp-json\/wp\/v2\/pages\/939"}],"collection":[{"href":"https:\/\/ujpii.ac.cr\/a\/wp-json\/wp\/v2\/pages"}],"about":[{"href":"https:\/\/ujpii.ac.cr\/a\/wp-json\/wp\/v2\/types\/page"}],"author":[{"embeddable":true,"href":"https:\/\/ujpii.ac.cr\/a\/wp-json\/wp\/v2\/users\/1"}],"replies":[{"embeddable":true,"href":"https:\/\/ujpii.ac.cr\/a\/wp-json\/wp\/v2\/comments?post=939"}],"version-history":[{"count":5,"href":"https:\/\/ujpii.ac.cr\/a\/wp-json\/wp\/v2\/pages\/939\/revisions"}],"predecessor-version":[{"id":948,"href":"https:\/\/ujpii.ac.cr\/a\/wp-json\/wp\/v2\/pages\/939\/revisions\/948"}],"wp:attachment":[{"href":"https:\/\/ujpii.ac.cr\/a\/wp-json\/wp\/v2\/media?parent=939"}],"curies":[{"name":"wp","href":"https:\/\/api.w.org\/{rel}","templated":true}]}}