{"id":983,"date":"2020-09-30T13:28:28","date_gmt":"2020-09-30T19:28:28","guid":{"rendered":"https:\/\/ujpii.ac.cr\/a\/?page_id=983"},"modified":"2020-09-30T13:28:28","modified_gmt":"2020-09-30T19:28:28","slug":"licenciaturas","status":"publish","type":"page","link":"https:\/\/ujpii.ac.cr\/a\/licenciaturas\/","title":{"rendered":"Licenciaturas"},"content":{"rendered":"<p>[vc_row][vc_column][vc_column_text]<\/p>\n<h1 style=\"text-align: left;\">LICENCIATURAS<\/h1>\n<p>[\/vc_column_text][vc_column_text]En la Universidad Juan Pablo II contamos conestudios de alta demanda laboral. Nuestros cientos de egresados salen con un nivel profesional altamente competitivo que les ayuda a colocarse r\u00e1pidamente en el mercado laboral.[\/vc_column_text][\/vc_column][\/vc_row][vc_row type=\u00bbvc_default\u00bb css=\u00bb.vc_custom_1601487269922{background-color: #ededed !important;}\u00bb][vc_column width=\u00bb1\/2&#8243;][vc_single_image image=\u00bb984&#8243; img_size=\u00bbfull\u00bb alignment=\u00bbcenter\u00bb][vc_column_text]<\/p>\n<h3>LICENCIATURA EN ADMINISTRACI\u00d3N CON \u00c9NFASIS EN SEGUROS<\/h3>\n<p>[\/vc_column_text][vc_column_text]DURACI\u00d3N: 3 cuatrimestres (1 a\u00f1o)<br \/>\nMODALIDAD: presencial<br \/>\nLECCIONES: 2 a 3 lecciones por semana, dependiendo del horario.[\/vc_column_text][\/vc_column][vc_column width=\u00bb1\/2&#8243;][vc_column_text]<strong>DESCRIPCI\u00d3N DEL CURSO<\/strong><\/p>\n<p>La Licenciatura en Administraci\u00f3n de Negocios con \u00e9nfasis en Seguros, tiene como finalidad formar personas con vocaci\u00f3n de servicio y capacidad para asesorar con pensamiento estrat\u00e9gico a sus clientes en las inversiones de seguros que desea realizar, en un contexto en que el sector est\u00e1 en constante crecimiento y alta competencia. Est\u00e1 dirigido a graduados de un Bachillerato universitario en administraci\u00f3n o alguna carrera af\u00edn que se encuentran laborando en la industria y que desea profesionalizar su labor a trav\u00e9s de una formaci\u00f3n universitaria acreditada y de corta duraci\u00f3n.<\/p>\n<p><strong>BENEFICIOS DEL PROGRAMA<\/strong><\/p>\n<ul>\n<li>Carrera titulada por CONESUP de corta duraci\u00f3n. Facultad de profesores con experiencia en el sector de Seguros, Plan de Estudios acorde a los requerimientos de la industria y el sector de Riesgos y Seguros.<\/li>\n<\/ul>\n<p><strong>REQUISITOS DE INGRESO<\/strong><\/p>\n<ol>\n<li>Tener el grado acad\u00e9mico universitario de Bachillerato en Administraci\u00f3n de Negocios o carrera af\u00edn.<\/li>\n<li>Presentar el original y dos copias del T\u00edtulo, o en caso de no tenerse, la debida certificaci\u00f3n de este., cuando se trate de un t\u00edtulo fuera del pa\u00eds, se deben presentar los documentos debidamente autenticados.<\/li>\n<li>Aportar dos fotograf\u00edas recientes, tama\u00f1o pasaporte.<\/li>\n<li>Llenar la f\u00f3rmula de \u201cSolicitud de matr\u00edcula\u201d y aportar los dem\u00e1s documentos requeridos para abrir su \u201cExpediente de estudiante\u201d.<\/li>\n<li>Cancelar la suma correspondiente a los derechos de matr\u00edcula, colegiatura y dem\u00e1s pagos que deba hacer de acuerdo con los tr\u00e1mites que haya tenido que efectuar.<\/li>\n<li>Aceptar las normas universitarias existentes, en particular el Estatuto Org\u00e1nico y los Reglamentos de la Instituci\u00f3n.<\/li>\n<\/ol>\n<p>[\/vc_column_text]<style type=\"text\/css\" data-type=\"the7_shortcodes-inline-css\">#default-btn-7e236cefc94a5a5b8af750dd54b48ffd.ico-right-side > i {\n  margin-right: 0px;\n  margin-left: 8px;\n}\n#default-btn-7e236cefc94a5a5b8af750dd54b48ffd > i {\n  margin-right: 8px;\n}\n#default-btn-7e236cefc94a5a5b8af750dd54b48ffd * {\n  vertical-align: middle;\n}\n<\/style><a href=\"#\" class=\"default-btn-shortcode dt-btn dt-btn-l link-hover-off btn-inline-left \" id=\"default-btn-7e236cefc94a5a5b8af750dd54b48ffd\"><i class=\"icomoon-the7-font-the7-arrow-21\"><\/i><span>INSCRIBIRME<\/span><\/a>[vc_empty_space][\/vc_column][\/vc_row]<\/p>\n","protected":false},"excerpt":{"rendered":"<p>[vc_row][vc_column][vc_column_text] LICENCIATURAS [\/vc_column_text][vc_column_text]En la Universidad Juan Pablo II contamos conestudios de alta demanda laboral. Nuestros cientos de egresados salen con un nivel profesional altamente competitivo que les ayuda a colocarse r\u00e1pidamente en el mercado laboral.[\/vc_column_text][\/vc_column][\/vc_row][vc_row type=\u00bbvc_default\u00bb css=\u00bb.vc_custom_1601487269922{background-color: #ededed !important;}\u00bb][vc_column width=\u00bb1\/2&#8243;][vc_single_image image=\u00bb984&#8243; img_size=\u00bbfull\u00bb alignment=\u00bbcenter\u00bb][vc_column_text] LICENCIATURA EN ADMINISTRACI\u00d3N CON \u00c9NFASIS EN SEGUROS [\/vc_column_text][vc_column_text]DURACI\u00d3N: 3 cuatrimestres (1 a\u00f1o)&hellip;<\/p>\n","protected":false},"author":1,"featured_media":0,"parent":0,"menu_order":0,"comment_status":"closed","ping_status":"closed","template":"","meta":{"content-type":""},"_links":{"self":[{"href":"https:\/\/ujpii.ac.cr\/a\/wp-json\/wp\/v2\/pages\/983"}],"collection":[{"href":"https:\/\/ujpii.ac.cr\/a\/wp-json\/wp\/v2\/pages"}],"about":[{"href":"https:\/\/ujpii.ac.cr\/a\/wp-json\/wp\/v2\/types\/page"}],"author":[{"embeddable":true,"href":"https:\/\/ujpii.ac.cr\/a\/wp-json\/wp\/v2\/users\/1"}],"replies":[{"embeddable":true,"href":"https:\/\/ujpii.ac.cr\/a\/wp-json\/wp\/v2\/comments?post=983"}],"version-history":[{"count":2,"href":"https:\/\/ujpii.ac.cr\/a\/wp-json\/wp\/v2\/pages\/983\/revisions"}],"predecessor-version":[{"id":1029,"href":"https:\/\/ujpii.ac.cr\/a\/wp-json\/wp\/v2\/pages\/983\/revisions\/1029"}],"wp:attachment":[{"href":"https:\/\/ujpii.ac.cr\/a\/wp-json\/wp\/v2\/media?parent=983"}],"curies":[{"name":"wp","href":"https:\/\/api.w.org\/{rel}","templated":true}]}}